{"id":98629,"date":"2023-06-05T07:53:29","date_gmt":"2023-06-05T12:53:29","guid":{"rendered":"https:\/\/adhoc-architectes.com\/team\/michael-wilkins\/"},"modified":"2024-09-27T09:31:27","modified_gmt":"2024-09-27T14:31:27","slug":"michael-wilkins","status":"publish","type":"page","link":"https:\/\/adhoc-architectes.com\/en\/team\/michael-wilkins\/","title":{"rendered":"Micha\u00ebl Wilkins"},"content":{"rendered":"<div class=\"wpb-content-wrapper\"><p>[vc_row unlock_row_content=&#8221;yes&#8221; row_height_percent=&#8221;65&#8243; override_padding=&#8221;yes&#8221; h_padding=&#8221;2&#8243; top_padding=&#8221;0&#8243; bottom_padding=&#8221;0&#8243; overlay_alpha=&#8221;50&#8243; gutter_size=&#8221;3&#8243; column_width_percent=&#8221;100&#8243; shift_y=&#8221;0&#8243; z_index=&#8221;0&#8243;][vc_column width=&#8221;1\/3&#8243;][vc_single_image media=&#8221;95813&#8243; media_width_percent=&#8221;100&#8243;][\/vc_column][vc_column width=&#8221;1\/3&#8243;][vc_column_text el_class=&#8221;bloc_h&#8221; uncode_shortcode_id=&#8221;153601&#8243;]<\/p>\n<h1 class=\"sous-titre2\">MICHA\u00cbL WILKINS<\/h1>\n<p><strong class=\"ss-titre\">Architecte<\/strong>[\/vc_column_text][vc_column_text el_class=&#8221;bloc_t1&#8243;]<span style=\"font-weight: 400;\">Micha\u00ebl ressemble dr\u00f4lement \u00e0 la d\u00e9finition contemporaine du ninja. Sans faire de vagues, ce ma\u00eetre de l\u2019architecture accomplit t\u00e2che apr\u00e8s t\u00e2che \u00e0 une vitesse d\u00e9concertante. Son efficacit\u00e9, son attitude d\u00e9tendue et son sens de l\u2019initiative sont grandement appr\u00e9ci\u00e9s par ses coll\u00e8gues qui veulent tous l\u2019avoir dans leur \u00e9quipe. Micha\u00ebl est aussi un as du sarcasme ; une de ses blagues finit invariablement dans un clavardage collectif pour d\u00e9tendre l\u2019atmosph\u00e8re. Furtif, son arriv\u00e9e le matin passe toujours inaper\u00e7ue (pratique pour qui n\u2019est pas l\u00e8ve t\u00f4t). N\u2019emp\u00eache, il finit \u00e0 chaque fois le travail demand\u00e9 dans les temps; ne soyez pas inquiets!<\/span>[\/vc_column_text][\/vc_column][vc_column width=&#8221;1\/3&#8243;][vc_column_text el_class=&#8221;bloc_t2&#8243;]<span style=\"font-weight: 400;\">Le c\u00f4t\u00e9 discret des premiers abords s&#8217;efface rapidement pour d\u00e9voiler un Micha\u00ebl toujours volontaire et qui n\u2019h\u00e9site pas \u00e0 d\u00e9passer les attentes. Que ce soit pour r\u00e9soudre des probl\u00e8mes, effectuer la prochaine t\u00e2che, faire du b\u00e9n\u00e9volat, participer au comit\u00e9 de d\u00e9veloppement durable, aider sa famille avec leurs r\u00e9novations ou m\u00eame mener l\u2019\u00e9quipe de volleyball du bureau, Micha\u00ebl s\u2019implique avec d\u00e9votion dans tous les d\u00e9fis comme peu en sont capables!<\/span>[\/vc_column_text][vc_column_text el_class=&#8221;bloc_t3&#8243;]C\u2019est quand une personne ose prendre des risques et s\u2019impliquer personnellement qu\u2019elle peut grandir et \u00e9voluer &#8211; Herbert Otto[\/vc_column_text][vc_icon icon=&#8221;fa fa-angle-left&#8221; link=&#8221;url:https%3A%2F%2Fadhoc-architectes.com%2Fen%2Fteam%2F%23listequipe|&#8221; el_class=&#8221;bloc_i1&#8243;][\/vc_icon][\/vc_column][\/vc_row]<\/p>\n<\/div>","protected":false},"excerpt":{"rendered":"<p>[vc_row unlock_row_content=&#8221;yes&#8221; row_height_percent=&#8221;65&#8243; override_padding=&#8221;yes&#8221; h_padding=&#8221;2&#8243; top_padding=&#8221;0&#8243; bottom_padding=&#8221;0&#8243; overlay_alpha=&#8221;50&#8243; gutter_size=&#8221;3&#8243; column_width_percent=&#8221;100&#8243; shift_y=&#8221;0&#8243; z_index=&#8221;0&#8243;][vc_column width=&#8221;1\/3&#8243;][vc_single_image media=&#8221;95813&#8243; media_width_percent=&#8221;100&#8243;][\/vc_column][vc_column width=&#8221;1\/3&#8243;][vc_column_text el_class=&#8221;bloc_h&#8221; uncode_shortcode_id=&#8221;153601&#8243;] MICHA\u00cbL WILKINS [&hellip;]<\/p>\n","protected":false},"author":9,"featured_media":0,"parent":98516,"menu_order":0,"comment_status":"closed","ping_status":"closed","template":"","meta":{"_acf_changed":false,"footnotes":""},"class_list":["post-98629","page","type-page","status-publish","hentry"],"acf":[],"yoast_head":"<!-- This site is optimized with the Yoast SEO plugin v27.3 - https:\/\/yoast.com\/product\/yoast-seo-wordpress\/ -->\n<title>Micha\u00ebl Wilkins | ADHOC Architectes<\/title>\n<meta name=\"robots\" content=\"index, follow, max-snippet:-1, max-image-preview:large, max-video-preview:-1\" \/>\n<link rel=\"canonical\" href=\"https:\/\/adhoc-architectes.com\/en\/team\/michael-wilkins\/\" \/>\n<meta property=\"og:locale\" content=\"en_US\" \/>\n<meta property=\"og:type\" content=\"article\" \/>\n<meta property=\"og:title\" content=\"Micha\u00ebl Wilkins | ADHOC Architectes\" \/>\n<meta property=\"og:description\" content=\"[vc_row unlock_row_content=&#8221;yes&#8221; row_height_percent=&#8221;65&#8243; override_padding=&#8221;yes&#8221; h_padding=&#8221;2&#8243; top_padding=&#8221;0&#8243; bottom_padding=&#8221;0&#8243; overlay_alpha=&#8221;50&#8243; gutter_size=&#8221;3&#8243; column_width_percent=&#8221;100&#8243; shift_y=&#8221;0&#8243; z_index=&#8221;0&#8243;][vc_column width=&#8221;1\/3&#8243;][vc_single_image media=&#8221;95813&#8243; media_width_percent=&#8221;100&#8243;][\/vc_column][vc_column width=&#8221;1\/3&#8243;][vc_column_text el_class=&#8221;bloc_h&#8221; uncode_shortcode_id=&#8221;153601&#8243;] MICHA\u00cbL WILKINS [&hellip;]\" \/>\n<meta property=\"og:url\" content=\"https:\/\/adhoc-architectes.com\/en\/team\/michael-wilkins\/\" \/>\n<meta property=\"og:site_name\" content=\"ADHOC Architectes\" \/>\n<meta property=\"article:publisher\" content=\"https:\/\/www.facebook.com\/adhoc.architectes\" \/>\n<meta property=\"article:modified_time\" content=\"2024-09-27T14:31:27+00:00\" \/>\n<meta name=\"twitter:card\" content=\"summary_large_image\" \/>\n<meta name=\"twitter:label1\" content=\"Est. reading time\" \/>\n\t<meta name=\"twitter:data1\" content=\"2 minutes\" \/>\n<script type=\"application\/ld+json\" class=\"yoast-schema-graph\">{\"@context\":\"https:\\\/\\\/schema.org\",\"@graph\":[{\"@type\":\"WebPage\",\"@id\":\"https:\\\/\\\/adhoc-architectes.com\\\/en\\\/team\\\/michael-wilkins\\\/\",\"url\":\"https:\\\/\\\/adhoc-architectes.com\\\/en\\\/team\\\/michael-wilkins\\\/\",\"name\":\"Micha\u00ebl Wilkins | ADHOC Architectes\",\"isPartOf\":{\"@id\":\"https:\\\/\\\/adhoc-architectes.com\\\/en\\\/#website\"},\"datePublished\":\"2023-06-05T12:53:29+00:00\",\"dateModified\":\"2024-09-27T14:31:27+00:00\",\"breadcrumb\":{\"@id\":\"https:\\\/\\\/adhoc-architectes.com\\\/en\\\/team\\\/michael-wilkins\\\/#breadcrumb\"},\"inLanguage\":\"en-US\",\"potentialAction\":[{\"@type\":\"ReadAction\",\"target\":[\"https:\\\/\\\/adhoc-architectes.com\\\/en\\\/team\\\/michael-wilkins\\\/\"]}]},{\"@type\":\"BreadcrumbList\",\"@id\":\"https:\\\/\\\/adhoc-architectes.com\\\/en\\\/team\\\/michael-wilkins\\\/#breadcrumb\",\"itemListElement\":[{\"@type\":\"ListItem\",\"position\":1,\"name\":\"Accueil\",\"item\":\"https:\\\/\\\/adhoc-architectes.com\\\/en\\\/\"},{\"@type\":\"ListItem\",\"position\":2,\"name\":\"Team\",\"item\":\"https:\\\/\\\/adhoc-architectes.com\\\/en\\\/team\\\/\"},{\"@type\":\"ListItem\",\"position\":3,\"name\":\"Micha\u00ebl Wilkins\"}]},{\"@type\":\"WebSite\",\"@id\":\"https:\\\/\\\/adhoc-architectes.com\\\/en\\\/#website\",\"url\":\"https:\\\/\\\/adhoc-architectes.com\\\/en\\\/\",\"name\":\"ADHOC Architectes\",\"description\":\"\",\"publisher\":{\"@id\":\"https:\\\/\\\/adhoc-architectes.com\\\/en\\\/#organization\"},\"potentialAction\":[{\"@type\":\"SearchAction\",\"target\":{\"@type\":\"EntryPoint\",\"urlTemplate\":\"https:\\\/\\\/adhoc-architectes.com\\\/en\\\/?s={search_term_string}\"},\"query-input\":{\"@type\":\"PropertyValueSpecification\",\"valueRequired\":true,\"valueName\":\"search_term_string\"}}],\"inLanguage\":\"en-US\"},{\"@type\":\"Organization\",\"@id\":\"https:\\\/\\\/adhoc-architectes.com\\\/en\\\/#organization\",\"name\":\"ADHOC Architectes\",\"url\":\"https:\\\/\\\/adhoc-architectes.com\\\/en\\\/\",\"logo\":{\"@type\":\"ImageObject\",\"inLanguage\":\"en-US\",\"@id\":\"https:\\\/\\\/adhoc-architectes.com\\\/en\\\/#\\\/schema\\\/logo\\\/image\\\/\",\"url\":\"https:\\\/\\\/adhoc-architectes.com\\\/wp-content\\\/uploads\\\/2015\\\/04\\\/ADHOC_FOOTER_95procent-4.jpg\",\"contentUrl\":\"https:\\\/\\\/adhoc-architectes.com\\\/wp-content\\\/uploads\\\/2015\\\/04\\\/ADHOC_FOOTER_95procent-4.jpg\",\"width\":395,\"height\":396,\"caption\":\"ADHOC Architectes\"},\"image\":{\"@id\":\"https:\\\/\\\/adhoc-architectes.com\\\/en\\\/#\\\/schema\\\/logo\\\/image\\\/\"},\"sameAs\":[\"https:\\\/\\\/www.facebook.com\\\/adhoc.architectes\",\"https:\\\/\\\/www.instagram.com\\\/adhocarchitectes\\\/?hl=fr-ca\",\"https:\\\/\\\/www.linkedin.com\\\/company\\\/adhoc-architectes\\\/\",\"https:\\\/\\\/www.pinterest.ca\\\/adhoca\\\/_created\\\/\",\"https:\\\/\\\/www.youtube.com\\\/channel\\\/UCrXda1ZnozNhAUV1A-XR7yA\\\/featured\"]}]}<\/script>\n<!-- \/ Yoast SEO plugin. -->","yoast_head_json":{"title":"Micha\u00ebl Wilkins | ADHOC Architectes","robots":{"index":"index","follow":"follow","max-snippet":"max-snippet:-1","max-image-preview":"max-image-preview:large","max-video-preview":"max-video-preview:-1"},"canonical":"https:\/\/adhoc-architectes.com\/en\/team\/michael-wilkins\/","og_locale":"en_US","og_type":"article","og_title":"Micha\u00ebl Wilkins | ADHOC Architectes","og_description":"[vc_row unlock_row_content=&#8221;yes&#8221; row_height_percent=&#8221;65&#8243; override_padding=&#8221;yes&#8221; h_padding=&#8221;2&#8243; top_padding=&#8221;0&#8243; bottom_padding=&#8221;0&#8243; overlay_alpha=&#8221;50&#8243; gutter_size=&#8221;3&#8243; column_width_percent=&#8221;100&#8243; shift_y=&#8221;0&#8243; z_index=&#8221;0&#8243;][vc_column width=&#8221;1\/3&#8243;][vc_single_image media=&#8221;95813&#8243; media_width_percent=&#8221;100&#8243;][\/vc_column][vc_column width=&#8221;1\/3&#8243;][vc_column_text el_class=&#8221;bloc_h&#8221; uncode_shortcode_id=&#8221;153601&#8243;] MICHA\u00cbL WILKINS [&hellip;]","og_url":"https:\/\/adhoc-architectes.com\/en\/team\/michael-wilkins\/","og_site_name":"ADHOC Architectes","article_publisher":"https:\/\/www.facebook.com\/adhoc.architectes","article_modified_time":"2024-09-27T14:31:27+00:00","twitter_card":"summary_large_image","twitter_misc":{"Est. reading time":"2 minutes"},"schema":{"@context":"https:\/\/schema.org","@graph":[{"@type":"WebPage","@id":"https:\/\/adhoc-architectes.com\/en\/team\/michael-wilkins\/","url":"https:\/\/adhoc-architectes.com\/en\/team\/michael-wilkins\/","name":"Micha\u00ebl Wilkins | ADHOC Architectes","isPartOf":{"@id":"https:\/\/adhoc-architectes.com\/en\/#website"},"datePublished":"2023-06-05T12:53:29+00:00","dateModified":"2024-09-27T14:31:27+00:00","breadcrumb":{"@id":"https:\/\/adhoc-architectes.com\/en\/team\/michael-wilkins\/#breadcrumb"},"inLanguage":"en-US","potentialAction":[{"@type":"ReadAction","target":["https:\/\/adhoc-architectes.com\/en\/team\/michael-wilkins\/"]}]},{"@type":"BreadcrumbList","@id":"https:\/\/adhoc-architectes.com\/en\/team\/michael-wilkins\/#breadcrumb","itemListElement":[{"@type":"ListItem","position":1,"name":"Accueil","item":"https:\/\/adhoc-architectes.com\/en\/"},{"@type":"ListItem","position":2,"name":"Team","item":"https:\/\/adhoc-architectes.com\/en\/team\/"},{"@type":"ListItem","position":3,"name":"Micha\u00ebl Wilkins"}]},{"@type":"WebSite","@id":"https:\/\/adhoc-architectes.com\/en\/#website","url":"https:\/\/adhoc-architectes.com\/en\/","name":"ADHOC Architectes","description":"","publisher":{"@id":"https:\/\/adhoc-architectes.com\/en\/#organization"},"potentialAction":[{"@type":"SearchAction","target":{"@type":"EntryPoint","urlTemplate":"https:\/\/adhoc-architectes.com\/en\/?s={search_term_string}"},"query-input":{"@type":"PropertyValueSpecification","valueRequired":true,"valueName":"search_term_string"}}],"inLanguage":"en-US"},{"@type":"Organization","@id":"https:\/\/adhoc-architectes.com\/en\/#organization","name":"ADHOC Architectes","url":"https:\/\/adhoc-architectes.com\/en\/","logo":{"@type":"ImageObject","inLanguage":"en-US","@id":"https:\/\/adhoc-architectes.com\/en\/#\/schema\/logo\/image\/","url":"https:\/\/adhoc-architectes.com\/wp-content\/uploads\/2015\/04\/ADHOC_FOOTER_95procent-4.jpg","contentUrl":"https:\/\/adhoc-architectes.com\/wp-content\/uploads\/2015\/04\/ADHOC_FOOTER_95procent-4.jpg","width":395,"height":396,"caption":"ADHOC Architectes"},"image":{"@id":"https:\/\/adhoc-architectes.com\/en\/#\/schema\/logo\/image\/"},"sameAs":["https:\/\/www.facebook.com\/adhoc.architectes","https:\/\/www.instagram.com\/adhocarchitectes\/?hl=fr-ca","https:\/\/www.linkedin.com\/company\/adhoc-architectes\/","https:\/\/www.pinterest.ca\/adhoca\/_created\/","https:\/\/www.youtube.com\/channel\/UCrXda1ZnozNhAUV1A-XR7yA\/featured"]}]}},"_links":{"self":[{"href":"https:\/\/adhoc-architectes.com\/en\/wp-json\/wp\/v2\/pages\/98629","targetHints":{"allow":["GET"]}}],"collection":[{"href":"https:\/\/adhoc-architectes.com\/en\/wp-json\/wp\/v2\/pages"}],"about":[{"href":"https:\/\/adhoc-architectes.com\/en\/wp-json\/wp\/v2\/types\/page"}],"author":[{"embeddable":true,"href":"https:\/\/adhoc-architectes.com\/en\/wp-json\/wp\/v2\/users\/9"}],"replies":[{"embeddable":true,"href":"https:\/\/adhoc-architectes.com\/en\/wp-json\/wp\/v2\/comments?post=98629"}],"version-history":[{"count":10,"href":"https:\/\/adhoc-architectes.com\/en\/wp-json\/wp\/v2\/pages\/98629\/revisions"}],"predecessor-version":[{"id":99789,"href":"https:\/\/adhoc-architectes.com\/en\/wp-json\/wp\/v2\/pages\/98629\/revisions\/99789"}],"up":[{"embeddable":true,"href":"https:\/\/adhoc-architectes.com\/en\/wp-json\/wp\/v2\/pages\/98516"}],"wp:attachment":[{"href":"https:\/\/adhoc-architectes.com\/en\/wp-json\/wp\/v2\/media?parent=98629"}],"curies":[{"name":"wp","href":"https:\/\/api.w.org\/{rel}","templated":true}]}}